{"id":1892,"date":"2025-10-31T20:34:02","date_gmt":"2025-10-31T19:34:02","guid":{"rendered":"https:\/\/beta.secot.cat\/asesoria\/"},"modified":"2026-04-23T10:06:18","modified_gmt":"2026-04-23T08:06:18","slug":"asesoria","status":"publish","type":"page","link":"https:\/\/secot.cat\/es\/asesoria\/","title":{"rendered":"Asesor\u00eda"},"content":{"rendered":"\t\t<div data-elementor-type=\"wp-page\" data-elementor-id=\"1892\" class=\"elementor elementor-1892 elementor-248\" data-elementor-post-type=\"page\">\n\t\t\t\t<div class=\"elementor-element elementor-element-29552b0 e-flex e-con-boxed e-con e-parent\" data-id=\"29552b0\" data-element_type=\"container\" data-e-type=\"container\">\n\t\t\t\t\t<div class=\"e-con-inner\">\n\t\t<div class=\"elementor-element elementor-element-3698cc8 e-con-full e-flex e-con e-child\" data-id=\"3698cc8\" data-element_type=\"container\" data-e-type=\"container\">\n\t\t\t\t<div class=\"elementor-element elementor-element-3ec1313 elementor-widget elementor-widget-heading\" data-id=\"3ec1313\" data-element_type=\"widget\" data-e-type=\"widget\" data-widget_type=\"heading.default\">\n\t\t\t\t\t<h1 class=\"elementor-heading-title elementor-size-default\">Asesoramiento que aporta soluciones<\/h1>\t\t\t\t<\/div>\n\t\t\t\t<div class=\"elementor-element elementor-element-f4d005a elementor-widget elementor-widget-text-editor\" data-id=\"f4d005a\" data-element_type=\"widget\" data-e-type=\"widget\" data-widget_type=\"text-editor.default\">\n\t\t\t\t\t\t\t\t\tAsesor\u00eda y mentor\u00eda a personas emprendedoras y empresas en sus proyectos de implantaci\u00f3n, crecimiento o procesos de cambio, con resultados reales.\t\t\t\t\t\t\t\t<\/div>\n\t\t<div class=\"elementor-element elementor-element-1f9ad80 e-con-full e-flex e-con e-child\" data-id=\"1f9ad80\" data-element_type=\"container\" data-e-type=\"container\">\n\t\t\t\t<div class=\"elementor-element elementor-element-d5207cd elementor-mobile-align-justify elementor-widget elementor-widget-button\" data-id=\"d5207cd\" data-element_type=\"widget\" data-e-type=\"widget\" data-widget_type=\"button.default\">\n\t\t\t\t\t\t\t\t\t\t<a class=\"elementor-button elementor-button-link elementor-size-sm\" href=\"https:\/\/customervoice.microsoft.com\/Pages\/ResponsePage.aspx?id=36HJwN5yz0WswOgG9wKXG6x0RWxh845PiiJxd_ZvBTlUQUlTWDZIR1AxWlRFOVQyVVVYNVA5Q0g2Ui4u\" target=\"_blank\" rel=\"noopener\">\n\t\t\t\t\t\t<span class=\"elementor-button-content-wrapper\">\n\t\t\t\t\t\t\t\t\t<span class=\"elementor-button-text\">Solicita asesoramiento<\/span>\n\t\t\t\t\t<\/span>\n\t\t\t\t\t<\/a>\n\t\t\t\t\t\t\t\t<\/div>\n\t\t\t\t<\/div>\n\t\t<div class=\"elementor-element elementor-element-24899da e-con-full e-flex e-con e-child\" data-id=\"24899da\" data-element_type=\"container\" data-e-type=\"container\">\n\t\t<div class=\"elementor-element elementor-element-c36a0c7 e-con-full e-flex e-con e-child\" data-id=\"c36a0c7\" data-element_type=\"container\" data-e-type=\"container\">\n\t\t\t\t<div class=\"elementor-element elementor-element-1eca2aa elementor-widget elementor-widget-image\" data-id=\"1eca2aa\" data-element_type=\"widget\" data-e-type=\"widget\" data-widget_type=\"image.default\">\n\t\t\t\t\t\t\t\t\t\t\t\t\t\t\t<img decoding=\"async\" width=\"156\" height=\"49\" src=\"https:\/\/secot.cat\/wp-content\/uploads\/2025\/10\/avatar_group.webp\" class=\"attachment-full size-full wp-image-1887\" alt=\"Asesor\u00eda\" \/>\t\t\t\t\t\t\t\t\t\t\t\t\t\t\t<\/div>\n\t\t\t\t<\/div>\n\t\t<div class=\"elementor-element elementor-element-0b138e5 e-con-full e-flex e-con e-child\" data-id=\"0b138e5\" data-element_type=\"container\" data-e-type=\"container\">\n\t\t\t\t<div class=\"elementor-element elementor-element-d2e3750 elementor-widget elementor-widget-heading\" data-id=\"d2e3750\" data-element_type=\"widget\" data-e-type=\"widget\" data-widget_type=\"heading.default\">\n\t\t\t\t\t<p class=\"elementor-heading-title elementor-size-default\">M\u00e1s de 12 000 personas ya se han beneficiado<\/p>\t\t\t\t<\/div>\n\t\t\t\t<\/div>\n\t\t\t\t<\/div>\n\t\t\t\t<\/div>\n\t\t\t\t\t<\/div>\n\t\t\t\t<\/div>\n\t\t<div class=\"elementor-element elementor-element-4a428f2 e-flex e-con-boxed e-con e-parent\" data-id=\"4a428f2\" data-element_type=\"container\" data-e-type=\"container\">\n\t\t\t\t\t<div class=\"e-con-inner\">\n\t\t<div class=\"elementor-element elementor-element-6ca576b e-con-full e-flex e-con e-child\" data-id=\"6ca576b\" data-element_type=\"container\" data-e-type=\"container\">\n\t\t\t\t<div class=\"elementor-element elementor-element-3fe986e elementor-widget elementor-widget-image\" data-id=\"3fe986e\" data-element_type=\"widget\" data-e-type=\"widget\" data-widget_type=\"image.default\">\n\t\t\t\t\t\t\t\t\t\t\t\t\t\t\t<img fetchpriority=\"high\" decoding=\"async\" width=\"800\" height=\"860\" src=\"https:\/\/secot.cat\/wp-content\/uploads\/2025\/10\/Assessoria-1-953x1024.webp\" class=\"attachment-large size-large wp-image-1888\" alt=\"Asesor\u00eda\" srcset=\"https:\/\/secot.cat\/wp-content\/uploads\/2025\/10\/Assessoria-1-953x1024.webp 953w, https:\/\/secot.cat\/wp-content\/uploads\/2025\/10\/Assessoria-1-279x300.webp 279w, https:\/\/secot.cat\/wp-content\/uploads\/2025\/10\/Assessoria-1-768x826.webp 768w, https:\/\/secot.cat\/wp-content\/uploads\/2025\/10\/Assessoria-1.webp 1146w\" sizes=\"(max-width: 800px) 100vw, 800px\" \/>\t\t\t\t\t\t\t\t\t\t\t\t\t\t\t<\/div>\n\t\t\t\t<\/div>\n\t\t<div class=\"elementor-element elementor-element-cc49ffd e-con-full e-flex e-con e-child\" data-id=\"cc49ffd\" data-element_type=\"container\" data-e-type=\"container\">\n\t\t\t\t<div class=\"elementor-element elementor-element-f833e8d elementor-widget elementor-widget-heading\" data-id=\"f833e8d\" data-element_type=\"widget\" data-e-type=\"widget\" data-widget_type=\"heading.default\">\n\t\t\t\t\t<h2 class=\"elementor-heading-title elementor-size-default\">IMPACTO<\/h2>\t\t\t\t<\/div>\n\t\t\t\t<div class=\"elementor-element elementor-element-73a0b5b elementor-widget elementor-widget-heading\" data-id=\"73a0b5b\" data-element_type=\"widget\" data-e-type=\"widget\" data-widget_type=\"heading.default\">\n\t\t\t\t\t<h3 class=\"elementor-heading-title elementor-size-default\">Ayudamos a emprendedores y empresas a encontrar su camino.<\/h3>\t\t\t\t<\/div>\n\t\t\t\t<div class=\"elementor-element elementor-element-c5a71bb elementor-widget elementor-widget-text-editor\" data-id=\"c5a71bb\" data-element_type=\"widget\" data-e-type=\"widget\" data-widget_type=\"text-editor.default\">\n\t\t\t\t\t\t\t\t\t<p>Cuando una persona emprende o una peque\u00f1a empresa inicia su actividad, o se enfrenta a problemas y dificultades en su proyecto actual, a menudo debe tomar decisiones importantes con poco apoyo y muchas incertidumbres.<\/p><p>Tanto si se trata de un negocio que nace como si se busca reorientar una iniciativa ya en marcha, contar con un asesor puede marcar la diferencia.<\/p>\t\t\t\t\t\t\t\t<\/div>\n\t\t\t\t<\/div>\n\t\t\t\t\t<\/div>\n\t\t\t\t<\/div>\n\t\t<div class=\"elementor-element elementor-element-6560d34 e-flex e-con-boxed e-con e-parent\" data-id=\"6560d34\" data-element_type=\"container\" data-e-type=\"container\">\n\t\t\t\t\t<div class=\"e-con-inner\">\n\t\t<div class=\"elementor-element elementor-element-139799e e-con-full e-flex e-con e-child\" data-id=\"139799e\" data-element_type=\"container\" data-e-type=\"container\">\n\t\t\t\t<div class=\"elementor-element elementor-element-00950ef elementor-widget elementor-widget-heading\" data-id=\"00950ef\" data-element_type=\"widget\" data-e-type=\"widget\" data-widget_type=\"heading.default\">\n\t\t\t\t\t<h2 class=\"elementor-heading-title elementor-size-default\">FINANCIACI\u00d3N<\/h2>\t\t\t\t<\/div>\n\t\t\t\t<div class=\"elementor-element elementor-element-b280534 elementor-widget elementor-widget-heading\" data-id=\"b280534\" data-element_type=\"widget\" data-e-type=\"widget\" data-widget_type=\"heading.default\">\n\t\t\t\t\t<h3 class=\"elementor-heading-title elementor-size-default\">Te facilitamos v\u00edas de financiaci\u00f3n y aumentamos tus posibilidades de obtenerla.<\/h3>\t\t\t\t<\/div>\n\t\t\t\t<div class=\"elementor-element elementor-element-ac2d623 elementor-widget elementor-widget-text-editor\" data-id=\"ac2d623\" data-element_type=\"widget\" data-e-type=\"widget\" data-widget_type=\"text-editor.default\">\n\t\t\t\t\t\t\t\t\t\u00bfTienes una idea de negocio y necesitas financiaci\u00f3n? Haz viable tu proyecto, tu idea y tu futuro con un microcr\u00e9dito. Analizaremos tu proyecto y tu plan de negocio para validar que cumple los requisitos necesarios y formalizar la solicitud ante MicroBank, entidad con la que mantenemos un convenio de colaboraci\u00f3n. \t\t\t\t\t\t\t\t<\/div>\n\t\t\t\t<\/div>\n\t\t<div class=\"elementor-element elementor-element-8c078b3 e-con-full e-flex e-con e-child\" data-id=\"8c078b3\" data-element_type=\"container\" data-e-type=\"container\">\n\t\t\t\t<div class=\"elementor-element elementor-element-6993ef0 elementor-widget elementor-widget-image\" data-id=\"6993ef0\" data-element_type=\"widget\" data-e-type=\"widget\" data-widget_type=\"image.default\">\n\t\t\t\t\t\t\t\t\t\t\t\t\t\t\t<img decoding=\"async\" width=\"800\" height=\"860\" src=\"https:\/\/secot.cat\/wp-content\/uploads\/2025\/10\/Assessoria-2-953x1024.webp\" class=\"attachment-large size-large wp-image-1889\" alt=\"Asesor\u00eda\" srcset=\"https:\/\/secot.cat\/wp-content\/uploads\/2025\/10\/Assessoria-2-953x1024.webp 953w, https:\/\/secot.cat\/wp-content\/uploads\/2025\/10\/Assessoria-2-279x300.webp 279w, https:\/\/secot.cat\/wp-content\/uploads\/2025\/10\/Assessoria-2-768x826.webp 768w, https:\/\/secot.cat\/wp-content\/uploads\/2025\/10\/Assessoria-2.webp 1146w\" sizes=\"(max-width: 800px) 100vw, 800px\" \/>\t\t\t\t\t\t\t\t\t\t\t\t\t\t\t<\/div>\n\t\t\t\t<\/div>\n\t\t\t\t\t<\/div>\n\t\t\t\t<\/div>\n\t\t<div class=\"elementor-element elementor-element-ec3dcbe e-flex e-con-boxed e-con e-parent\" data-id=\"ec3dcbe\" data-element_type=\"container\" data-e-type=\"container\">\n\t\t\t\t\t<div class=\"e-con-inner\">\n\t\t<div class=\"elementor-element elementor-element-61bbef7 e-con-full e-flex e-con e-child\" data-id=\"61bbef7\" data-element_type=\"container\" data-e-type=\"container\">\n\t\t\t\t<div class=\"elementor-element elementor-element-c7963ef elementor-widget elementor-widget-image\" data-id=\"c7963ef\" data-element_type=\"widget\" data-e-type=\"widget\" data-widget_type=\"image.default\">\n\t\t\t\t\t\t\t\t\t\t\t\t\t\t\t<img loading=\"lazy\" decoding=\"async\" width=\"800\" height=\"860\" src=\"https:\/\/secot.cat\/wp-content\/uploads\/2025\/10\/Assessoria-3-953x1024.webp\" class=\"attachment-large size-large wp-image-1890\" alt=\"Asesor\u00eda\" srcset=\"https:\/\/secot.cat\/wp-content\/uploads\/2025\/10\/Assessoria-3-953x1024.webp 953w, https:\/\/secot.cat\/wp-content\/uploads\/2025\/10\/Assessoria-3-279x300.webp 279w, https:\/\/secot.cat\/wp-content\/uploads\/2025\/10\/Assessoria-3-768x826.webp 768w, https:\/\/secot.cat\/wp-content\/uploads\/2025\/10\/Assessoria-3.webp 1146w\" sizes=\"(max-width: 800px) 100vw, 800px\" \/>\t\t\t\t\t\t\t\t\t\t\t\t\t\t\t<\/div>\n\t\t\t\t<\/div>\n\t\t<div class=\"elementor-element elementor-element-c95df00 e-con-full e-flex e-con e-child\" data-id=\"c95df00\" data-element_type=\"container\" data-e-type=\"container\">\n\t\t\t\t<div class=\"elementor-element elementor-element-febfb3b elementor-widget elementor-widget-heading\" data-id=\"febfb3b\" data-element_type=\"widget\" data-e-type=\"widget\" data-widget_type=\"heading.default\">\n\t\t\t\t\t<h2 class=\"elementor-heading-title elementor-size-default\">ACOMPA\u00d1AMIENTO A LARGO PLAZO<\/h2>\t\t\t\t<\/div>\n\t\t\t\t<div class=\"elementor-element elementor-element-5c08f4d elementor-widget elementor-widget-heading\" data-id=\"5c08f4d\" data-element_type=\"widget\" data-e-type=\"widget\" data-widget_type=\"heading.default\">\n\t\t\t\t\t<h3 class=\"elementor-heading-title elementor-size-default\">Atenci\u00f3n personalizada para asegurar que alcanzas tus objetivos.<\/h3>\t\t\t\t<\/div>\n\t\t\t\t<div class=\"elementor-element elementor-element-5f75f5f elementor-widget elementor-widget-text-editor\" data-id=\"5f75f5f\" data-element_type=\"widget\" data-e-type=\"widget\" data-widget_type=\"text-editor.default\">\n\t\t\t\t\t\t\t\t\tCu\u00e9ntanos tus necesidades. Te asignaremos un equipo de asesores especializados que analizar\u00e1 tu caso. A continuaci\u00f3n, mantendremos reuniones de trabajo contigo para dise\u00f1ar el plan de acci\u00f3n m\u00e1s adecuado. Estableceremos conjuntamente un calendario de actuaci\u00f3n y realizaremos un seguimiento del proyecto hasta alcanzar los objetivos marcados.\t\t\t\t\t\t\t\t<\/div>\n\t\t\t\t<\/div>\n\t\t\t\t\t<\/div>\n\t\t\t\t<\/div>\n\t\t<div class=\"elementor-element elementor-element-c383eec e-flex e-con-boxed e-con e-parent\" data-id=\"c383eec\" data-element_type=\"container\" data-e-type=\"container\" data-settings=\"{&quot;background_background&quot;:&quot;classic&quot;}\">\n\t\t\t\t\t<div class=\"e-con-inner\">\n\t\t\t\t<div class=\"elementor-element elementor-element-8a917cb elementor-widget elementor-widget-heading\" data-id=\"8a917cb\" data-element_type=\"widget\" data-e-type=\"widget\" data-widget_type=\"heading.default\">\n\t\t\t\t\t<h2 class=\"elementor-heading-title elementor-size-default\">Proyecto F\u00e9nix<\/h2>\t\t\t\t<\/div>\n\t\t\t\t\t<\/div>\n\t\t\t\t<\/div>\n\t\t<div class=\"elementor-element elementor-element-d4ce179 e-flex e-con-boxed e-con e-parent\" data-id=\"d4ce179\" data-element_type=\"container\" data-e-type=\"container\" data-settings=\"{&quot;background_background&quot;:&quot;classic&quot;}\">\n\t\t\t\t\t<div class=\"e-con-inner\">\n\t\t<div class=\"elementor-element elementor-element-33ac641 e-con-full e-flex e-con e-child\" data-id=\"33ac641\" data-element_type=\"container\" data-e-type=\"container\">\n\t\t\t\t<div class=\"elementor-element elementor-element-facc1c3 elementor-widget elementor-widget-image\" data-id=\"facc1c3\" data-element_type=\"widget\" data-e-type=\"widget\" data-widget_type=\"image.default\">\n\t\t\t\t\t\t\t\t\t\t\t\t\t\t\t<img loading=\"lazy\" decoding=\"async\" width=\"800\" height=\"860\" src=\"https:\/\/secot.cat\/wp-content\/uploads\/2025\/10\/Assessoria-4-953x1024.webp\" class=\"attachment-large size-large wp-image-1891\" alt=\"Asesor\u00eda\" srcset=\"https:\/\/secot.cat\/wp-content\/uploads\/2025\/10\/Assessoria-4-953x1024.webp 953w, https:\/\/secot.cat\/wp-content\/uploads\/2025\/10\/Assessoria-4-279x300.webp 279w, https:\/\/secot.cat\/wp-content\/uploads\/2025\/10\/Assessoria-4-768x826.webp 768w, https:\/\/secot.cat\/wp-content\/uploads\/2025\/10\/Assessoria-4.webp 1146w\" sizes=\"(max-width: 800px) 100vw, 800px\" \/>\t\t\t\t\t\t\t\t\t\t\t\t\t\t\t<\/div>\n\t\t\t\t<\/div>\n\t\t<div class=\"elementor-element elementor-element-72f78d7 e-con-full e-flex e-con e-child\" data-id=\"72f78d7\" data-element_type=\"container\" data-e-type=\"container\">\n\t\t\t\t<div class=\"elementor-element elementor-element-72a0e56 elementor-widget elementor-widget-heading\" data-id=\"72a0e56\" data-element_type=\"widget\" data-e-type=\"widget\" data-widget_type=\"heading.default\">\n\t\t\t\t\t<h3 class=\"elementor-heading-title elementor-size-default\">Programa destinado a ayudar a aut\u00f3nomos y microempresas con dificultades estructurales.<\/h3>\t\t\t\t<\/div>\n\t\t\t\t<div class=\"elementor-element elementor-element-75de2f6 elementor-widget elementor-widget-text-editor\" data-id=\"75de2f6\" data-element_type=\"widget\" data-e-type=\"widget\" data-widget_type=\"text-editor.default\">\n\t\t\t\t\t\t\t\t\t<p>Ofrecemos asistencia integral para superar problemas que puedan comprometer la continuidad del negocio. Disponemos de asesoramiento estrat\u00e9gico, t\u00e9cnico y financiero, soporte digital y un diagn\u00f3stico inicial gratuito de hasta 6 horas, con presencia en toda Catalu\u00f1a.<\/p>\t\t\t\t\t\t\t\t<\/div>\n\t\t<div class=\"elementor-element elementor-element-ace1c55 e-con-full e-flex e-con e-child\" data-id=\"ace1c55\" data-element_type=\"container\" data-e-type=\"container\">\n\t\t\t\t<div class=\"elementor-element elementor-element-890740a elementor-mobile-align-justify elementor-widget elementor-widget-button\" data-id=\"890740a\" data-element_type=\"widget\" data-e-type=\"widget\" data-widget_type=\"button.default\">\n\t\t\t\t\t\t\t\t\t\t<a class=\"elementor-button elementor-button-link elementor-size-sm\" href=\"https:\/\/secot.cat\/es\/contacto\/?area=projectefenix\">\n\t\t\t\t\t\t<span class=\"elementor-button-content-wrapper\">\n\t\t\t\t\t\t\t\t\t<span class=\"elementor-button-text\">Solicita el Proyecto F\u00e9nix<\/span>\n\t\t\t\t\t<\/span>\n\t\t\t\t\t<\/a>\n\t\t\t\t\t\t\t\t<\/div>\n\t\t\t\t<\/div>\n\t\t\t\t<\/div>\n\t\t\t\t\t<\/div>\n\t\t\t\t<\/div>\n\t\t\t\t<\/div>\n\t\t","protected":false},"excerpt":{"rendered":"<p>Asesoramiento que aporta soluciones Asesor\u00eda y mentor\u00eda a personas emprendedoras y empresas en sus proyectos de implantaci\u00f3n, crecimiento o procesos de cambio, con resultados reales. Solicita asesoramiento M\u00e1s de 12 000 personas ya se han beneficiado IMPACTO Ayudamos a emprendedores y empresas a encontrar su camino. Cuando una persona emprende o una peque\u00f1a empresa inicia [&hellip;]<\/p>\n","protected":false},"author":2,"featured_media":0,"parent":0,"menu_order":0,"comment_status":"closed","ping_status":"closed","template":"elementor_header_footer","meta":{"_acf_changed":false,"footnotes":""},"class_list":["post-1892","page","type-page","status-publish","hentry"],"acf":[],"_links":{"self":[{"href":"https:\/\/secot.cat\/es\/wp-json\/wp\/v2\/pages\/1892","targetHints":{"allow":["GET"]}}],"collection":[{"href":"https:\/\/secot.cat\/es\/wp-json\/wp\/v2\/pages"}],"about":[{"href":"https:\/\/secot.cat\/es\/wp-json\/wp\/v2\/types\/page"}],"author":[{"embeddable":true,"href":"https:\/\/secot.cat\/es\/wp-json\/wp\/v2\/users\/2"}],"replies":[{"embeddable":true,"href":"https:\/\/secot.cat\/es\/wp-json\/wp\/v2\/comments?post=1892"}],"version-history":[{"count":5,"href":"https:\/\/secot.cat\/es\/wp-json\/wp\/v2\/pages\/1892\/revisions"}],"predecessor-version":[{"id":2152,"href":"https:\/\/secot.cat\/es\/wp-json\/wp\/v2\/pages\/1892\/revisions\/2152"}],"wp:attachment":[{"href":"https:\/\/secot.cat\/es\/wp-json\/wp\/v2\/media?parent=1892"}],"curies":[{"name":"wp","href":"https:\/\/api.w.org\/{rel}","templated":true}]}}