{"id":1993,"date":"2025-11-01T12:58:43","date_gmt":"2025-11-01T11:58:43","guid":{"rendered":"https:\/\/beta.secot.cat\/start-ups\/"},"modified":"2026-04-23T10:06:32","modified_gmt":"2026-04-23T08:06:32","slug":"start-ups","status":"publish","type":"page","link":"https:\/\/secot.cat\/es\/start-ups\/","title":{"rendered":"Start-ups"},"content":{"rendered":"\t\t<div data-elementor-type=\"wp-page\" data-elementor-id=\"1993\" class=\"elementor elementor-1993 elementor-274\" data-elementor-post-type=\"page\">\n\t\t\t\t<div class=\"elementor-element elementor-element-29552b0 e-flex e-con-boxed e-con e-parent\" data-id=\"29552b0\" data-element_type=\"container\" data-e-type=\"container\">\n\t\t\t\t\t<div class=\"e-con-inner\">\n\t\t<div class=\"elementor-element elementor-element-3698cc8 e-con-full e-flex e-con e-child\" data-id=\"3698cc8\" data-element_type=\"container\" data-e-type=\"container\">\n\t\t\t\t<div class=\"elementor-element elementor-element-3ec1313 elementor-widget elementor-widget-heading\" data-id=\"3ec1313\" data-element_type=\"widget\" data-e-type=\"widget\" data-widget_type=\"heading.default\">\n\t\t\t\t\t<h1 class=\"elementor-heading-title elementor-size-default\">Impulsa tu start-up con precisi\u00f3n<\/h1>\t\t\t\t<\/div>\n\t\t\t\t<div class=\"elementor-element elementor-element-f4d005a elementor-widget elementor-widget-text-editor\" data-id=\"f4d005a\" data-element_type=\"widget\" data-e-type=\"widget\" data-widget_type=\"text-editor.default\">\n\t\t\t\t\t\t\t\t\tAsesoramiento, mentor\u00eda, aceleraci\u00f3n y b\u00fasqueda de apoyo financiero para tu idea de negocio.\t\t\t\t\t\t\t\t<\/div>\n\t\t<div class=\"elementor-element elementor-element-1f9ad80 e-con-full e-flex e-con e-child\" data-id=\"1f9ad80\" data-element_type=\"container\" data-e-type=\"container\">\n\t\t\t\t<div class=\"elementor-element elementor-element-d5207cd elementor-mobile-align-justify elementor-widget elementor-widget-button\" data-id=\"d5207cd\" data-element_type=\"widget\" data-e-type=\"widget\" data-widget_type=\"button.default\">\n\t\t\t\t\t\t\t\t\t\t<a class=\"elementor-button elementor-button-link elementor-size-sm\" href=\"https:\/\/customervoice.microsoft.com\/Pages\/ResponsePage.aspx?id=36HJwN5yz0WswOgG9wKXG6x0RWxh845PiiJxd_ZvBTlUQUlTWDZIR1AxWlRFOVQyVVVYNVA5Q0g2Ui4u\" target=\"_blank\" rel=\"noopener\">\n\t\t\t\t\t\t<span class=\"elementor-button-content-wrapper\">\n\t\t\t\t\t\t\t\t\t<span class=\"elementor-button-text\">Solicita asesoramiento<\/span>\n\t\t\t\t\t<\/span>\n\t\t\t\t\t<\/a>\n\t\t\t\t\t\t\t\t<\/div>\n\t\t\t\t<\/div>\n\t\t\t\t<\/div>\n\t\t\t\t\t<\/div>\n\t\t\t\t<\/div>\n\t\t<div class=\"elementor-element elementor-element-4a428f2 e-flex e-con-boxed e-con e-parent\" data-id=\"4a428f2\" data-element_type=\"container\" data-e-type=\"container\">\n\t\t\t\t\t<div class=\"e-con-inner\">\n\t\t<div class=\"elementor-element elementor-element-6ca576b e-con-full e-flex e-con e-child\" data-id=\"6ca576b\" data-element_type=\"container\" data-e-type=\"container\">\n\t\t\t\t<div class=\"elementor-element elementor-element-3fe986e elementor-widget elementor-widget-image\" data-id=\"3fe986e\" data-element_type=\"widget\" data-e-type=\"widget\" data-widget_type=\"image.default\">\n\t\t\t\t\t\t\t\t\t\t\t\t\t\t\t<img fetchpriority=\"high\" decoding=\"async\" width=\"800\" height=\"860\" src=\"https:\/\/secot.cat\/wp-content\/uploads\/2025\/11\/startups-1-953x1024.webp\" class=\"attachment-large size-large wp-image-1990\" alt=\"start-ups\" srcset=\"https:\/\/secot.cat\/wp-content\/uploads\/2025\/11\/startups-1-953x1024.webp 953w, https:\/\/secot.cat\/wp-content\/uploads\/2025\/11\/startups-1-279x300.webp 279w, https:\/\/secot.cat\/wp-content\/uploads\/2025\/11\/startups-1-768x826.webp 768w, https:\/\/secot.cat\/wp-content\/uploads\/2025\/11\/startups-1.webp 1146w\" sizes=\"(max-width: 800px) 100vw, 800px\" \/>\t\t\t\t\t\t\t\t\t\t\t\t\t\t\t<\/div>\n\t\t\t\t<\/div>\n\t\t<div class=\"elementor-element elementor-element-cc49ffd e-con-full e-flex e-con e-child\" data-id=\"cc49ffd\" data-element_type=\"container\" data-e-type=\"container\">\n\t\t\t\t<div class=\"elementor-element elementor-element-f833e8d elementor-widget elementor-widget-heading\" data-id=\"f833e8d\" data-element_type=\"widget\" data-e-type=\"widget\" data-widget_type=\"heading.default\">\n\t\t\t\t\t<h2 class=\"elementor-heading-title elementor-size-default\">IMPACTO<\/h2>\t\t\t\t<\/div>\n\t\t\t\t<div class=\"elementor-element elementor-element-73a0b5b elementor-widget elementor-widget-heading\" data-id=\"73a0b5b\" data-element_type=\"widget\" data-e-type=\"widget\" data-widget_type=\"heading.default\">\n\t\t\t\t\t<h3 class=\"elementor-heading-title elementor-size-default\">Impulsamos tu idea y te ayudamos a hacerla realidad.<\/h3>\t\t\t\t<\/div>\n\t\t\t\t<div class=\"elementor-element elementor-element-c5a71bb elementor-widget elementor-widget-text-editor\" data-id=\"c5a71bb\" data-element_type=\"widget\" data-e-type=\"widget\" data-widget_type=\"text-editor.default\">\n\t\t\t\t\t\t\t\t\t<p>Ofrecemos asesoramiento, consultor\u00eda y mentor\u00eda personalizada a personas y empresas con un proyecto. Te acompa\u00f1amos en el estudio de la viabilidad de tu idea desde una visi\u00f3n libre y objetiva, respaldada por la amplia experiencia profesional de nuestros socios.<\/p><p>Integramos en nuestra metodolog\u00eda de trabajo las necesidades de cada caso para ofrecer la soluci\u00f3n m\u00e1s adecuada. Podemos ayudarte mediante una propuesta integral, como la elaboraci\u00f3n de un plan de empresa, o en actuaciones espec\u00edficas, como un estudio de mercado, la definici\u00f3n de la propuesta de valor, el an\u00e1lisis de las necesidades de financiaci\u00f3n o el dise\u00f1o de una estrategia de marketing.<\/p>\t\t\t\t\t\t\t\t<\/div>\n\t\t\t\t<\/div>\n\t\t\t\t\t<\/div>\n\t\t\t\t<\/div>\n\t\t<div class=\"elementor-element elementor-element-6560d34 e-flex e-con-boxed e-con e-parent\" data-id=\"6560d34\" data-element_type=\"container\" data-e-type=\"container\">\n\t\t\t\t\t<div class=\"e-con-inner\">\n\t\t<div class=\"elementor-element elementor-element-139799e e-con-full e-flex e-con e-child\" data-id=\"139799e\" data-element_type=\"container\" data-e-type=\"container\">\n\t\t\t\t<div class=\"elementor-element elementor-element-00950ef elementor-widget elementor-widget-heading\" data-id=\"00950ef\" data-element_type=\"widget\" data-e-type=\"widget\" data-widget_type=\"heading.default\">\n\t\t\t\t\t<h2 class=\"elementor-heading-title elementor-size-default\">ESCALABILIDAD<\/h2>\t\t\t\t<\/div>\n\t\t\t\t<div class=\"elementor-element elementor-element-b280534 elementor-widget elementor-widget-heading\" data-id=\"b280534\" data-element_type=\"widget\" data-e-type=\"widget\" data-widget_type=\"heading.default\">\n\t\t\t\t\t<h3 class=\"elementor-heading-title elementor-size-default\">Te ofrecemos mentor\u00eda personalizada para que tu idea crezca y tenga \u00e9xito.<\/h3>\t\t\t\t<\/div>\n\t\t\t\t<div class=\"elementor-element elementor-element-ac2d623 elementor-widget elementor-widget-text-editor\" data-id=\"ac2d623\" data-element_type=\"widget\" data-e-type=\"widget\" data-widget_type=\"text-editor.default\">\n\t\t\t\t\t\t\t\t\tEn muchas ocasiones, los promotores de una start-up se centran \u00fanicamente en la propuesta de valor, pero carecen de una visi\u00f3n global que les permita definir un plan de negocio integral. Con nuestro programa Impulsa, ponemos a tu disposici\u00f3n un servicio de incubaci\u00f3n y aceleraci\u00f3n de negocios orientado a dar respuestas espec\u00edficas a las necesidades del ecosistema emprendedor.\t\t\t\t\t\t\t\t<\/div>\n\t\t\t\t<\/div>\n\t\t<div class=\"elementor-element elementor-element-8c078b3 e-con-full e-flex e-con e-child\" data-id=\"8c078b3\" data-element_type=\"container\" data-e-type=\"container\">\n\t\t\t\t<div class=\"elementor-element elementor-element-6993ef0 elementor-widget elementor-widget-image\" data-id=\"6993ef0\" data-element_type=\"widget\" data-e-type=\"widget\" data-widget_type=\"image.default\">\n\t\t\t\t\t\t\t\t\t\t\t\t\t\t\t<img decoding=\"async\" width=\"800\" height=\"860\" src=\"https:\/\/secot.cat\/wp-content\/uploads\/2025\/11\/startups-2-953x1024.webp\" class=\"attachment-large size-large wp-image-1991\" alt=\"start-ups\" srcset=\"https:\/\/secot.cat\/wp-content\/uploads\/2025\/11\/startups-2-953x1024.webp 953w, https:\/\/secot.cat\/wp-content\/uploads\/2025\/11\/startups-2-279x300.webp 279w, https:\/\/secot.cat\/wp-content\/uploads\/2025\/11\/startups-2-768x826.webp 768w, https:\/\/secot.cat\/wp-content\/uploads\/2025\/11\/startups-2.webp 1146w\" sizes=\"(max-width: 800px) 100vw, 800px\" \/>\t\t\t\t\t\t\t\t\t\t\t\t\t\t\t<\/div>\n\t\t\t\t<\/div>\n\t\t\t\t\t<\/div>\n\t\t\t\t<\/div>\n\t\t<div class=\"elementor-element elementor-element-c383eec e-flex e-con-boxed e-con e-parent\" data-id=\"c383eec\" data-element_type=\"container\" data-e-type=\"container\" data-settings=\"{&quot;background_background&quot;:&quot;classic&quot;}\">\n\t\t\t\t\t<div class=\"e-con-inner\">\n\t\t\t\t<div class=\"elementor-element elementor-element-8a917cb elementor-widget elementor-widget-heading\" data-id=\"8a917cb\" data-element_type=\"widget\" data-e-type=\"widget\" data-widget_type=\"heading.default\">\n\t\t\t\t\t<h2 class=\"elementor-heading-title elementor-size-default\">Proyecto Pasarela<\/h2>\t\t\t\t<\/div>\n\t\t\t\t\t<\/div>\n\t\t\t\t<\/div>\n\t\t<div class=\"elementor-element elementor-element-d4ce179 e-flex e-con-boxed e-con e-parent\" data-id=\"d4ce179\" data-element_type=\"container\" data-e-type=\"container\" data-settings=\"{&quot;background_background&quot;:&quot;classic&quot;}\">\n\t\t\t\t\t<div class=\"e-con-inner\">\n\t\t<div class=\"elementor-element elementor-element-33ac641 e-con-full e-flex e-con e-child\" data-id=\"33ac641\" data-element_type=\"container\" data-e-type=\"container\">\n\t\t\t\t<div class=\"elementor-element elementor-element-facc1c3 elementor-widget elementor-widget-image\" data-id=\"facc1c3\" data-element_type=\"widget\" data-e-type=\"widget\" data-widget_type=\"image.default\">\n\t\t\t\t\t\t\t\t\t\t\t\t\t\t\t<img decoding=\"async\" width=\"800\" height=\"860\" src=\"https:\/\/secot.cat\/wp-content\/uploads\/2025\/11\/startups-3-953x1024.webp\" class=\"attachment-large size-large wp-image-1992\" alt=\"start-ups\" srcset=\"https:\/\/secot.cat\/wp-content\/uploads\/2025\/11\/startups-3-953x1024.webp 953w, https:\/\/secot.cat\/wp-content\/uploads\/2025\/11\/startups-3-279x300.webp 279w, https:\/\/secot.cat\/wp-content\/uploads\/2025\/11\/startups-3-768x826.webp 768w, https:\/\/secot.cat\/wp-content\/uploads\/2025\/11\/startups-3.webp 1146w\" sizes=\"(max-width: 800px) 100vw, 800px\" \/>\t\t\t\t\t\t\t\t\t\t\t\t\t\t\t<\/div>\n\t\t\t\t<\/div>\n\t\t<div class=\"elementor-element elementor-element-72f78d7 e-con-full e-flex e-con e-child\" data-id=\"72f78d7\" data-element_type=\"container\" data-e-type=\"container\">\n\t\t\t\t<div class=\"elementor-element elementor-element-72a0e56 elementor-widget elementor-widget-heading\" data-id=\"72a0e56\" data-element_type=\"widget\" data-e-type=\"widget\" data-widget_type=\"heading.default\">\n\t\t\t\t\t<h3 class=\"elementor-heading-title elementor-size-default\">Un proyecto dise\u00f1ado para que tu pitch alcance el m\u00e1ximo nivel ante inversores.<\/h3>\t\t\t\t<\/div>\n\t\t\t\t<div class=\"elementor-element elementor-element-75de2f6 elementor-widget elementor-widget-text-editor\" data-id=\"75de2f6\" data-element_type=\"widget\" data-e-type=\"widget\" data-widget_type=\"text-editor.default\">\n\t\t\t\t\t\t\t\t\t<p>Tu pitch es clave para la supervivencia de tu start-up, ya que te permite abrir nuevas v\u00edas de financiaci\u00f3n con inversores. Con nuestro Proyecto Pasarela, asesores y antiguos directivos empresariales de SECOT analizar\u00e1n tu presentaci\u00f3n y te indicar\u00e1n las mejores estrategias y los pasos a seguir para llevar tu pitch al m\u00e1ximo nivel. El programa cuenta con convocatorias mensuales totalmente gratuitas.<\/p>\t\t\t\t\t\t\t\t<\/div>\n\t\t<div class=\"elementor-element elementor-element-ace1c55 e-con-full e-flex e-con e-child\" data-id=\"ace1c55\" data-element_type=\"container\" data-e-type=\"container\">\n\t\t\t\t<div class=\"elementor-element elementor-element-890740a elementor-mobile-align-justify elementor-widget elementor-widget-button\" data-id=\"890740a\" data-element_type=\"widget\" data-e-type=\"widget\" data-widget_type=\"button.default\">\n\t\t\t\t\t\t\t\t\t\t<a class=\"elementor-button elementor-button-link elementor-size-sm\" href=\"https:\/\/secot.cat\/es\/contacto\/?area=projectepassarella\">\n\t\t\t\t\t\t<span class=\"elementor-button-content-wrapper\">\n\t\t\t\t\t\t\t\t\t<span class=\"elementor-button-text\">Solicita el Proyecto Pasarela<\/span>\n\t\t\t\t\t<\/span>\n\t\t\t\t\t<\/a>\n\t\t\t\t\t\t\t\t<\/div>\n\t\t\t\t<\/div>\n\t\t\t\t<\/div>\n\t\t\t\t\t<\/div>\n\t\t\t\t<\/div>\n\t\t\t\t<\/div>\n\t\t","protected":false},"excerpt":{"rendered":"<p>Impulsa tu start-up con precisi\u00f3n Asesoramiento, mentor\u00eda, aceleraci\u00f3n y b\u00fasqueda de apoyo financiero para tu idea de negocio. Solicita asesoramiento IMPACTO Impulsamos tu idea y te ayudamos a hacerla realidad. Ofrecemos asesoramiento, consultor\u00eda y mentor\u00eda personalizada a personas y empresas con un proyecto. Te acompa\u00f1amos en el estudio de la viabilidad de tu idea desde [&hellip;]<\/p>\n","protected":false},"author":2,"featured_media":0,"parent":0,"menu_order":0,"comment_status":"closed","ping_status":"closed","template":"elementor_header_footer","meta":{"_acf_changed":false,"footnotes":""},"class_list":["post-1993","page","type-page","status-publish","hentry"],"acf":[],"_links":{"self":[{"href":"https:\/\/secot.cat\/es\/wp-json\/wp\/v2\/pages\/1993","targetHints":{"allow":["GET"]}}],"collection":[{"href":"https:\/\/secot.cat\/es\/wp-json\/wp\/v2\/pages"}],"about":[{"href":"https:\/\/secot.cat\/es\/wp-json\/wp\/v2\/types\/page"}],"author":[{"embeddable":true,"href":"https:\/\/secot.cat\/es\/wp-json\/wp\/v2\/users\/2"}],"replies":[{"embeddable":true,"href":"https:\/\/secot.cat\/es\/wp-json\/wp\/v2\/comments?post=1993"}],"version-history":[{"count":4,"href":"https:\/\/secot.cat\/es\/wp-json\/wp\/v2\/pages\/1993\/revisions"}],"predecessor-version":[{"id":2131,"href":"https:\/\/secot.cat\/es\/wp-json\/wp\/v2\/pages\/1993\/revisions\/2131"}],"wp:attachment":[{"href":"https:\/\/secot.cat\/es\/wp-json\/wp\/v2\/media?parent=1993"}],"curies":[{"name":"wp","href":"https:\/\/api.w.org\/{rel}","templated":true}]}}