{"id":1997,"date":"2025-11-01T13:03:50","date_gmt":"2025-11-01T12:03:50","guid":{"rendered":"https:\/\/beta.secot.cat\/social\/"},"modified":"2026-04-23T10:06:31","modified_gmt":"2026-04-23T08:06:31","slug":"social","status":"publish","type":"page","link":"https:\/\/secot.cat\/es\/social\/","title":{"rendered":"Social"},"content":{"rendered":"\t\t<div data-elementor-type=\"wp-page\" data-elementor-id=\"1997\" class=\"elementor elementor-1997 elementor-285\" data-elementor-post-type=\"page\">\n\t\t\t\t<div class=\"elementor-element elementor-element-29552b0 e-flex e-con-boxed e-con e-parent\" data-id=\"29552b0\" data-element_type=\"container\" data-e-type=\"container\">\n\t\t\t\t\t<div class=\"e-con-inner\">\n\t\t<div class=\"elementor-element elementor-element-3698cc8 e-con-full e-flex e-con e-child\" data-id=\"3698cc8\" data-element_type=\"container\" data-e-type=\"container\">\n\t\t\t\t<div class=\"elementor-element elementor-element-3ec1313 elementor-widget elementor-widget-heading\" data-id=\"3ec1313\" data-element_type=\"widget\" data-e-type=\"widget\" data-widget_type=\"heading.default\">\n\t\t\t\t\t<h1 class=\"elementor-heading-title elementor-size-default\">Mantente al d\u00eda con nuestra acci\u00f3n social<\/h1>\t\t\t\t<\/div>\n\t\t\t\t<div class=\"elementor-element elementor-element-f4d005a elementor-widget elementor-widget-text-editor\" data-id=\"f4d005a\" data-element_type=\"widget\" data-e-type=\"widget\" data-widget_type=\"text-editor.default\">\n\t\t\t\t\t\t\t\t\tProgramas espec\u00edficos de tutor\u00eda, acompa\u00f1amiento y formaci\u00f3n dirigidos a colectivos vulnerables o en riesgo de exclusi\u00f3n.\t\t\t\t\t\t\t\t<\/div>\n\t\t<div class=\"elementor-element elementor-element-1f9ad80 e-con-full e-flex e-con e-child\" data-id=\"1f9ad80\" data-element_type=\"container\" data-e-type=\"container\">\n\t\t\t\t<div class=\"elementor-element elementor-element-d5207cd elementor-mobile-align-justify elementor-widget elementor-widget-button\" data-id=\"d5207cd\" data-element_type=\"widget\" data-e-type=\"widget\" data-widget_type=\"button.default\">\n\t\t\t\t\t\t\t\t\t\t<a class=\"elementor-button elementor-button-link elementor-size-sm\" href=\"https:\/\/secot.cat\/es\/contacto\/\" target=\"_blank\">\n\t\t\t\t\t\t<span class=\"elementor-button-content-wrapper\">\n\t\t\t\t\t\t\t\t\t<span class=\"elementor-button-text\">Solicita informaci\u00f3n<\/span>\n\t\t\t\t\t<\/span>\n\t\t\t\t\t<\/a>\n\t\t\t\t\t\t\t\t<\/div>\n\t\t\t\t<\/div>\n\t\t\t\t<\/div>\n\t\t\t\t\t<\/div>\n\t\t\t\t<\/div>\n\t\t<div class=\"elementor-element elementor-element-4a428f2 e-flex e-con-boxed e-con e-parent\" data-id=\"4a428f2\" data-element_type=\"container\" data-e-type=\"container\">\n\t\t\t\t\t<div class=\"e-con-inner\">\n\t\t<div class=\"elementor-element elementor-element-6ca576b e-con-full e-flex e-con e-child\" data-id=\"6ca576b\" data-element_type=\"container\" data-e-type=\"container\">\n\t\t\t\t<div class=\"elementor-element elementor-element-3fe986e elementor-widget elementor-widget-image\" data-id=\"3fe986e\" data-element_type=\"widget\" data-e-type=\"widget\" data-widget_type=\"image.default\">\n\t\t\t\t\t\t\t\t\t\t\t\t\t\t\t<img fetchpriority=\"high\" decoding=\"async\" width=\"800\" height=\"860\" src=\"https:\/\/secot.cat\/wp-content\/uploads\/2026\/01\/social-1-953x1024.webp\" class=\"attachment-large size-large wp-image-1995\" alt=\"social\" srcset=\"https:\/\/secot.cat\/wp-content\/uploads\/2026\/01\/social-1-953x1024.webp 953w, https:\/\/secot.cat\/wp-content\/uploads\/2026\/01\/social-1-279x300.webp 279w, https:\/\/secot.cat\/wp-content\/uploads\/2026\/01\/social-1-768x826.webp 768w, https:\/\/secot.cat\/wp-content\/uploads\/2026\/01\/social-1.webp 1146w\" sizes=\"(max-width: 800px) 100vw, 800px\" \/>\t\t\t\t\t\t\t\t\t\t\t\t\t\t\t<\/div>\n\t\t\t\t<\/div>\n\t\t<div class=\"elementor-element elementor-element-cc49ffd e-con-full e-flex e-con e-child\" data-id=\"cc49ffd\" data-element_type=\"container\" data-e-type=\"container\">\n\t\t\t\t<div class=\"elementor-element elementor-element-f833e8d elementor-widget elementor-widget-heading\" data-id=\"f833e8d\" data-element_type=\"widget\" data-e-type=\"widget\" data-widget_type=\"heading.default\">\n\t\t\t\t\t<h2 class=\"elementor-heading-title elementor-size-default\">NUESTRO ENFOQUE<\/h2>\t\t\t\t<\/div>\n\t\t\t\t<div class=\"elementor-element elementor-element-73a0b5b elementor-widget elementor-widget-heading\" data-id=\"73a0b5b\" data-element_type=\"widget\" data-e-type=\"widget\" data-widget_type=\"heading.default\">\n\t\t\t\t\t<h3 class=\"elementor-heading-title elementor-size-default\">Colaboramos con entidades del tercer sector.<\/h3>\t\t\t\t<\/div>\n\t\t\t\t<div class=\"elementor-element elementor-element-c5a71bb elementor-widget elementor-widget-text-editor\" data-id=\"c5a71bb\" data-element_type=\"widget\" data-e-type=\"widget\" data-widget_type=\"text-editor.default\">\n\t\t\t\t\t\t\t\t\tPromovemos la inclusi\u00f3n social, el emprendimiento y la igualdad de oportunidades para j\u00f3venes y familias en situaci\u00f3n de vulnerabilidad o riesgo de exclusi\u00f3n. Ofrecemos formaci\u00f3n a distintos colectivos para reducir la brecha digital y evitar el aislamiento social.\t\t\t\t\t\t\t\t<\/div>\n\t\t\t\t<\/div>\n\t\t\t\t\t<\/div>\n\t\t\t\t<\/div>\n\t\t<div class=\"elementor-element elementor-element-6560d34 e-flex e-con-boxed e-con e-parent\" data-id=\"6560d34\" data-element_type=\"container\" data-e-type=\"container\">\n\t\t\t\t\t<div class=\"e-con-inner\">\n\t\t<div class=\"elementor-element elementor-element-139799e e-con-full e-flex e-con e-child\" data-id=\"139799e\" data-element_type=\"container\" data-e-type=\"container\">\n\t\t\t\t<div class=\"elementor-element elementor-element-00950ef elementor-widget elementor-widget-heading\" data-id=\"00950ef\" data-element_type=\"widget\" data-e-type=\"widget\" data-widget_type=\"heading.default\">\n\t\t\t\t\t<h2 class=\"elementor-heading-title elementor-size-default\">LA DIN\u00c1MICA<\/h2>\t\t\t\t<\/div>\n\t\t\t\t<div class=\"elementor-element elementor-element-b280534 elementor-widget elementor-widget-heading\" data-id=\"b280534\" data-element_type=\"widget\" data-e-type=\"widget\" data-widget_type=\"heading.default\">\n\t\t\t\t\t<h3 class=\"elementor-heading-title elementor-size-default\">Cambio real para la sociedad.<\/h3>\t\t\t\t<\/div>\n\t\t\t\t<div class=\"elementor-element elementor-element-ac2d623 elementor-widget elementor-widget-text-editor\" data-id=\"ac2d623\" data-element_type=\"widget\" data-e-type=\"widget\" data-widget_type=\"text-editor.default\">\n\t\t\t\t\t\t\t\t\tImpartimos talleres, seminarios, cursos, speed datings y otras actividades orientadas a alcanzar nuestros objetivos de acci\u00f3n social.\t\t\t\t\t\t\t\t<\/div>\n\t\t\t\t<\/div>\n\t\t<div class=\"elementor-element elementor-element-8c078b3 e-con-full e-flex e-con e-child\" data-id=\"8c078b3\" data-element_type=\"container\" data-e-type=\"container\">\n\t\t\t\t<div class=\"elementor-element elementor-element-6993ef0 elementor-widget elementor-widget-image\" data-id=\"6993ef0\" data-element_type=\"widget\" data-e-type=\"widget\" data-widget_type=\"image.default\">\n\t\t\t\t\t\t\t\t\t\t\t\t\t\t\t<img decoding=\"async\" width=\"800\" height=\"860\" src=\"https:\/\/secot.cat\/wp-content\/uploads\/2025\/11\/social-2-953x1024.webp\" class=\"attachment-large size-large wp-image-1996\" alt=\"social\" srcset=\"https:\/\/secot.cat\/wp-content\/uploads\/2025\/11\/social-2-953x1024.webp 953w, https:\/\/secot.cat\/wp-content\/uploads\/2025\/11\/social-2-279x300.webp 279w, https:\/\/secot.cat\/wp-content\/uploads\/2025\/11\/social-2-768x826.webp 768w, https:\/\/secot.cat\/wp-content\/uploads\/2025\/11\/social-2.webp 1146w\" sizes=\"(max-width: 800px) 100vw, 800px\" \/>\t\t\t\t\t\t\t\t\t\t\t\t\t\t\t<\/div>\n\t\t\t\t<\/div>\n\t\t\t\t\t<\/div>\n\t\t\t\t<\/div>\n\t\t\t\t<\/div>\n\t\t","protected":false},"excerpt":{"rendered":"<p>Mantente al d\u00eda con nuestra acci\u00f3n social Programas espec\u00edficos de tutor\u00eda, acompa\u00f1amiento y formaci\u00f3n dirigidos a colectivos vulnerables o en riesgo de exclusi\u00f3n. Solicita informaci\u00f3n NUESTRO ENFOQUE Colaboramos con entidades del tercer sector. Promovemos la inclusi\u00f3n social, el emprendimiento y la igualdad de oportunidades para j\u00f3venes y familias en situaci\u00f3n de vulnerabilidad o riesgo de [&hellip;]<\/p>\n","protected":false},"author":2,"featured_media":0,"parent":0,"menu_order":0,"comment_status":"closed","ping_status":"closed","template":"elementor_header_footer","meta":{"_acf_changed":false,"footnotes":""},"class_list":["post-1997","page","type-page","status-publish","hentry"],"acf":[],"_links":{"self":[{"href":"https:\/\/secot.cat\/es\/wp-json\/wp\/v2\/pages\/1997","targetHints":{"allow":["GET"]}}],"collection":[{"href":"https:\/\/secot.cat\/es\/wp-json\/wp\/v2\/pages"}],"about":[{"href":"https:\/\/secot.cat\/es\/wp-json\/wp\/v2\/types\/page"}],"author":[{"embeddable":true,"href":"https:\/\/secot.cat\/es\/wp-json\/wp\/v2\/users\/2"}],"replies":[{"embeddable":true,"href":"https:\/\/secot.cat\/es\/wp-json\/wp\/v2\/comments?post=1997"}],"version-history":[{"count":5,"href":"https:\/\/secot.cat\/es\/wp-json\/wp\/v2\/pages\/1997\/revisions"}],"predecessor-version":[{"id":2153,"href":"https:\/\/secot.cat\/es\/wp-json\/wp\/v2\/pages\/1997\/revisions\/2153"}],"wp:attachment":[{"href":"https:\/\/secot.cat\/es\/wp-json\/wp\/v2\/media?parent=1997"}],"curies":[{"name":"wp","href":"https:\/\/api.w.org\/{rel}","templated":true}]}}