{"id":2004,"date":"2025-10-31T20:09:18","date_gmt":"2025-10-31T19:09:18","guid":{"rendered":"https:\/\/beta.secot.cat\/hazte-consultor\/"},"modified":"2026-04-23T10:06:22","modified_gmt":"2026-04-23T08:06:22","slug":"hazte-consultor","status":"publish","type":"page","link":"https:\/\/secot.cat\/es\/hazte-consultor\/","title":{"rendered":"Hazte Consultor"},"content":{"rendered":"\t\t<div data-elementor-type=\"wp-page\" data-elementor-id=\"2004\" class=\"elementor elementor-2004 elementor-199\" data-elementor-post-type=\"page\">\n\t\t\t\t<div class=\"elementor-element elementor-element-29552b0 e-flex e-con-boxed e-con e-parent\" data-id=\"29552b0\" data-element_type=\"container\" data-e-type=\"container\">\n\t\t\t\t\t<div class=\"e-con-inner\">\n\t\t<div class=\"elementor-element elementor-element-3698cc8 e-con-full e-flex e-con e-child\" data-id=\"3698cc8\" data-element_type=\"container\" data-e-type=\"container\">\n\t\t\t\t<div class=\"elementor-element elementor-element-3ec1313 elementor-widget elementor-widget-heading\" data-id=\"3ec1313\" data-element_type=\"widget\" data-e-type=\"widget\" data-widget_type=\"heading.default\">\n\t\t\t\t\t<h1 class=\"elementor-heading-title elementor-size-default\">El legado de tu experiencia empresarial<\/h1>\t\t\t\t<\/div>\n\t\t\t\t<div class=\"elementor-element elementor-element-f4d005a elementor-widget elementor-widget-text-editor\" data-id=\"f4d005a\" data-element_type=\"widget\" data-e-type=\"widget\" data-widget_type=\"text-editor.default\">\n\t\t\t\t\t\t\t\t\tDedica tu tiempo y tus conocimientos a asesorar y colaborar con peque\u00f1as y medianas empresas, aut\u00f3nomos y emprendedores.\t\t\t\t\t\t\t\t<\/div>\n\t\t<div class=\"elementor-element elementor-element-1f9ad80 e-con-full e-flex e-con e-child\" data-id=\"1f9ad80\" data-element_type=\"container\" data-e-type=\"container\">\n\t\t\t\t<div class=\"elementor-element elementor-element-d5207cd elementor-mobile-align-justify elementor-widget elementor-widget-button\" data-id=\"d5207cd\" data-element_type=\"widget\" data-e-type=\"widget\" data-widget_type=\"button.default\">\n\t\t\t\t\t\t\t\t\t\t<a class=\"elementor-button elementor-button-link elementor-size-sm\" href=\"https:\/\/secot.cat\/es\/asociate-a-secot-cat\/\">\n\t\t\t\t\t\t<span class=\"elementor-button-content-wrapper\">\n\t\t\t\t\t\t\t\t\t<span class=\"elementor-button-text\">Hazte consultor<\/span>\n\t\t\t\t\t<\/span>\n\t\t\t\t\t<\/a>\n\t\t\t\t\t\t\t\t<\/div>\n\t\t\t\t<\/div>\n\t\t<div class=\"elementor-element elementor-element-24899da e-con-full e-flex e-con e-child\" data-id=\"24899da\" data-element_type=\"container\" data-e-type=\"container\">\n\t\t<div class=\"elementor-element elementor-element-c36a0c7 e-con-full e-flex e-con e-child\" data-id=\"c36a0c7\" data-element_type=\"container\" data-e-type=\"container\">\n\t\t\t\t<div class=\"elementor-element elementor-element-1eca2aa elementor-widget elementor-widget-image\" data-id=\"1eca2aa\" data-element_type=\"widget\" data-e-type=\"widget\" data-widget_type=\"image.default\">\n\t\t\t\t\t\t\t\t\t\t\t\t\t\t\t<img decoding=\"async\" width=\"156\" height=\"49\" src=\"https:\/\/secot.cat\/wp-content\/uploads\/2025\/10\/avatar_group-2.webp\" class=\"attachment-full size-full wp-image-2000\" alt=\"\" \/>\t\t\t\t\t\t\t\t\t\t\t\t\t\t\t<\/div>\n\t\t\t\t<\/div>\n\t\t<div class=\"elementor-element elementor-element-0b138e5 e-con-full e-flex e-con e-child\" data-id=\"0b138e5\" data-element_type=\"container\" data-e-type=\"container\">\n\t\t\t\t<div class=\"elementor-element elementor-element-d2e3750 elementor-widget elementor-widget-heading\" data-id=\"d2e3750\" data-element_type=\"widget\" data-e-type=\"widget\" data-widget_type=\"heading.default\">\n\t\t\t\t\t<p class=\"elementor-heading-title elementor-size-default\">M\u00e1s de 145 personas ya forman parte de SECOT<\/p>\t\t\t\t<\/div>\n\t\t\t\t<\/div>\n\t\t\t\t<\/div>\n\t\t\t\t<\/div>\n\t\t\t\t\t<\/div>\n\t\t\t\t<\/div>\n\t\t<div class=\"elementor-element elementor-element-6e02c73 e-flex e-con-boxed e-con e-parent\" data-id=\"6e02c73\" data-element_type=\"container\" data-e-type=\"container\" data-settings=\"{&quot;background_background&quot;:&quot;classic&quot;}\">\n\t\t\t\t\t<div class=\"e-con-inner\">\n\t\t\t\t\t<\/div>\n\t\t\t\t<\/div>\n\t\t<div class=\"elementor-element elementor-element-d47b1b4 e-flex e-con-boxed e-con e-parent\" data-id=\"d47b1b4\" data-element_type=\"container\" data-e-type=\"container\" data-settings=\"{&quot;background_background&quot;:&quot;classic&quot;}\">\n\t\t\t\t\t<div class=\"e-con-inner\">\n\t\t<div class=\"elementor-element elementor-element-e1cd0c6 e-con-full e-flex e-con e-child\" data-id=\"e1cd0c6\" data-element_type=\"container\" data-e-type=\"container\" data-settings=\"{&quot;background_background&quot;:&quot;classic&quot;}\">\n\t\t<div class=\"elementor-element elementor-element-0339ba8 e-con-full e-flex e-con e-child\" data-id=\"0339ba8\" data-element_type=\"container\" data-e-type=\"container\">\n\t\t\t\t<div class=\"elementor-element elementor-element-e5fcceb elementor-widget elementor-widget-heading\" data-id=\"e5fcceb\" data-element_type=\"widget\" data-e-type=\"widget\" data-widget_type=\"heading.default\">\n\t\t\t\t\t<h2 class=\"elementor-heading-title elementor-size-default\">\u00danete a un equipo din\u00e1mico que quiere seguir aprendiendo y contribuyendo a la sociedad.<\/h2>\t\t\t\t<\/div>\n\t\t\t\t<\/div>\n\t\t<div class=\"elementor-element elementor-element-0215af8 e-grid e-con-full e-con e-child\" data-id=\"0215af8\" data-element_type=\"container\" data-e-type=\"container\">\n\t\t<div class=\"elementor-element elementor-element-479d79a e-con-full e-flex e-con e-child\" data-id=\"479d79a\" data-element_type=\"container\" data-e-type=\"container\" data-settings=\"{&quot;background_background&quot;:&quot;classic&quot;}\">\n\t\t\t\t<div class=\"elementor-element elementor-element-e007aac elementor-view-default elementor-widget elementor-widget-icon\" data-id=\"e007aac\" data-element_type=\"widget\" data-e-type=\"widget\" data-widget_type=\"icon.default\">\n\t\t\t\t\t\t\t<div class=\"elementor-icon-wrapper\">\n\t\t\t<div class=\"elementor-icon\">\n\t\t\t<svg xmlns=\"http:\/\/www.w3.org\/2000\/svg\" width=\"76\" height=\"76\" viewBox=\"0 0 76 76\" fill=\"none\"><rect width=\"76\" height=\"76\" rx=\"38\" fill=\"#E3E7FA\"><\/rect><path d=\"M31.6247 26.6667C27.3215 26.6667 23.833 30.1552 23.833 34.4584C23.833 42.2501 33.0413 49.3334 37.9997 50.9811C42.958 49.3334 52.1663 42.2501 52.1663 34.4584C52.1663 30.1552 48.6779 26.6667 44.3747 26.6667C41.7395 26.6667 39.4098 27.975 37.9997 29.9774C36.5896 27.975 34.2599 26.6667 31.6247 26.6667Z\" stroke=\"#162FB0\" stroke-width=\"3\" stroke-linecap=\"round\" stroke-linejoin=\"round\"><\/path><\/svg>\t\t\t<\/div>\n\t\t<\/div>\n\t\t\t\t\t\t<\/div>\n\t\t\t\t<div class=\"elementor-element elementor-element-bad6b50 elementor-widget elementor-widget-spacer\" data-id=\"bad6b50\" data-element_type=\"widget\" data-e-type=\"widget\" data-widget_type=\"spacer.default\">\n\t\t\t\t\t\t\t<div class=\"elementor-spacer\">\n\t\t\t<div class=\"elementor-spacer-inner\"><\/div>\n\t\t<\/div>\n\t\t\t\t\t\t<\/div>\n\t\t<div class=\"elementor-element elementor-element-822aedc e-con-full e-flex e-con e-child\" data-id=\"822aedc\" data-element_type=\"container\" data-e-type=\"container\">\n\t\t\t\t<div class=\"elementor-element elementor-element-43165b8 elementor-widget elementor-widget-heading\" data-id=\"43165b8\" data-element_type=\"widget\" data-e-type=\"widget\" data-widget_type=\"heading.default\">\n\t\t\t\t\t<h3 class=\"elementor-heading-title elementor-size-default\">Genera un impacto positivo<\/h3>\t\t\t\t<\/div>\n\t\t\t\t<div class=\"elementor-element elementor-element-9be1c22 elementor-widget elementor-widget-text-editor\" data-id=\"9be1c22\" data-element_type=\"widget\" data-e-type=\"widget\" data-widget_type=\"text-editor.default\">\n\t\t\t\t\t\t\t\t\tColabora en proyectos inspiradores y hazlos crecer.\t\t\t\t\t\t\t\t<\/div>\n\t\t\t\t<\/div>\n\t\t\t\t<\/div>\n\t\t<div class=\"elementor-element elementor-element-2f29034 e-con-full e-flex e-con e-child\" data-id=\"2f29034\" data-element_type=\"container\" data-e-type=\"container\" data-settings=\"{&quot;background_background&quot;:&quot;classic&quot;}\">\n\t\t\t\t<div class=\"elementor-element elementor-element-bbaae1e elementor-view-default elementor-widget elementor-widget-icon\" data-id=\"bbaae1e\" data-element_type=\"widget\" data-e-type=\"widget\" data-widget_type=\"icon.default\">\n\t\t\t\t\t\t\t<div class=\"elementor-icon-wrapper\">\n\t\t\t<div class=\"elementor-icon\">\n\t\t\t<svg xmlns=\"http:\/\/www.w3.org\/2000\/svg\" width=\"76\" height=\"76\" viewBox=\"0 0 76 76\" fill=\"none\"><rect width=\"76\" height=\"76\" rx=\"38\" fill=\"#E3E7FA\"><\/rect><path d=\"M34.4587 23.8333H47.2087L39.417 33.7499H50.042L33.042 52.1666L36.5837 38.7083H26.667L34.4587 23.8333Z\" stroke=\"#162FB0\" stroke-width=\"3\" stroke-linejoin=\"round\"><\/path><\/svg>\t\t\t<\/div>\n\t\t<\/div>\n\t\t\t\t\t\t<\/div>\n\t\t\t\t<div class=\"elementor-element elementor-element-3e3a395 elementor-widget elementor-widget-spacer\" data-id=\"3e3a395\" data-element_type=\"widget\" data-e-type=\"widget\" data-widget_type=\"spacer.default\">\n\t\t\t\t\t\t\t<div class=\"elementor-spacer\">\n\t\t\t<div class=\"elementor-spacer-inner\"><\/div>\n\t\t<\/div>\n\t\t\t\t\t\t<\/div>\n\t\t<div class=\"elementor-element elementor-element-617d75c e-con-full e-flex e-con e-child\" data-id=\"617d75c\" data-element_type=\"container\" data-e-type=\"container\">\n\t\t\t\t<div class=\"elementor-element elementor-element-6e5e7a6 elementor-widget elementor-widget-heading\" data-id=\"6e5e7a6\" data-element_type=\"widget\" data-e-type=\"widget\" data-widget_type=\"heading.default\">\n\t\t\t\t\t<h3 class=\"elementor-heading-title elementor-size-default\">Mantente activo<\/h3>\t\t\t\t<\/div>\n\t\t\t\t<div class=\"elementor-element elementor-element-fc7bf9e elementor-widget elementor-widget-text-editor\" data-id=\"fc7bf9e\" data-element_type=\"widget\" data-e-type=\"widget\" data-widget_type=\"text-editor.default\">\n\t\t\t\t\t\t\t\t\tNo dejes que tu know-how se oxide.\t\t\t\t\t\t\t\t<\/div>\n\t\t\t\t<\/div>\n\t\t\t\t<\/div>\n\t\t<div class=\"elementor-element elementor-element-9498d2b e-con-full e-flex e-con e-child\" data-id=\"9498d2b\" data-element_type=\"container\" data-e-type=\"container\" data-settings=\"{&quot;background_background&quot;:&quot;classic&quot;}\">\n\t\t\t\t<div class=\"elementor-element elementor-element-1c38517 elementor-view-default elementor-widget elementor-widget-icon\" data-id=\"1c38517\" data-element_type=\"widget\" data-e-type=\"widget\" data-widget_type=\"icon.default\">\n\t\t\t\t\t\t\t<div class=\"elementor-icon-wrapper\">\n\t\t\t<div class=\"elementor-icon\">\n\t\t\t<svg xmlns=\"http:\/\/www.w3.org\/2000\/svg\" width=\"76\" height=\"76\" viewBox=\"0 0 76 76\" fill=\"none\"><rect width=\"76\" height=\"76\" rx=\"38\" fill=\"#E3E7FA\"><\/rect><path d=\"M30.7083 45.2917C32.7219 45.2917 34.3542 43.6594 34.3542 41.6458C34.3542 39.6323 32.7219 38 30.7083 38C28.6948 38 27.0625 39.6323 27.0625 41.6458C27.0625 43.6594 28.6948 45.2917 30.7083 45.2917Z\" stroke=\"#162FB0\" stroke-width=\"3\" stroke-linecap=\"round\" stroke-linejoin=\"round\"><\/path><path d=\"M45.2913 45.2917C47.3049 45.2917 48.9372 43.6594 48.9372 41.6458C48.9372 39.6323 47.3049 38 45.2913 38C43.2778 38 41.6455 39.6323 41.6455 41.6458C41.6455 43.6594 43.2778 45.2917 45.2913 45.2917Z\" stroke=\"#162FB0\" stroke-width=\"3\" stroke-linecap=\"round\" stroke-linejoin=\"round\"><\/path><path d=\"M38.0003 30.7084C40.0139 30.7084 41.6462 29.0761 41.6462 27.0626C41.6462 25.049 40.0139 23.4167 38.0003 23.4167C35.9868 23.4167 34.3545 25.049 34.3545 27.0626C34.3545 29.0761 35.9868 30.7084 38.0003 30.7084Z\" stroke=\"#162FB0\" stroke-width=\"3\" stroke-linecap=\"round\" stroke-linejoin=\"round\"><\/path><path d=\"M38.0003 52.5834C38.0003 48.5564 34.7357 45.2917 30.7087 45.2917C26.6816 45.2917 23.417 48.5564 23.417 52.5834\" stroke=\"#162FB0\" stroke-width=\"3\" stroke-linecap=\"round\" stroke-linejoin=\"round\"><\/path><path d=\"M52.5833 52.5834C52.5833 48.5564 49.3187 45.2917 45.2917 45.2917C41.2646 45.2917 38 48.5564 38 52.5834\" stroke=\"#162FB0\" stroke-width=\"3\" stroke-linecap=\"round\" stroke-linejoin=\"round\"><\/path><path d=\"M45.2913 37.9999C45.2913 33.9729 42.0267 30.7083 37.9997 30.7083C33.9726 30.7083 30.708 33.9729 30.708 37.9999\" stroke=\"#162FB0\" stroke-width=\"3\" stroke-linecap=\"round\" stroke-linejoin=\"round\"><\/path><\/svg>\t\t\t<\/div>\n\t\t<\/div>\n\t\t\t\t\t\t<\/div>\n\t\t\t\t<div class=\"elementor-element elementor-element-c853f48 elementor-widget elementor-widget-spacer\" data-id=\"c853f48\" data-element_type=\"widget\" data-e-type=\"widget\" data-widget_type=\"spacer.default\">\n\t\t\t\t\t\t\t<div class=\"elementor-spacer\">\n\t\t\t<div class=\"elementor-spacer-inner\"><\/div>\n\t\t<\/div>\n\t\t\t\t\t\t<\/div>\n\t\t<div class=\"elementor-element elementor-element-7094594 e-con-full e-flex e-con e-child\" data-id=\"7094594\" data-element_type=\"container\" data-e-type=\"container\">\n\t\t\t\t<div class=\"elementor-element elementor-element-dd9b72c elementor-widget elementor-widget-heading\" data-id=\"dd9b72c\" data-element_type=\"widget\" data-e-type=\"widget\" data-widget_type=\"heading.default\">\n\t\t\t\t\t<h3 class=\"elementor-heading-title elementor-size-default\">Crea comunidad<\/h3>\t\t\t\t<\/div>\n\t\t\t\t<div class=\"elementor-element elementor-element-8caf4a4 elementor-widget elementor-widget-text-editor\" data-id=\"8caf4a4\" data-element_type=\"widget\" data-e-type=\"widget\" data-widget_type=\"text-editor.default\">\n\t\t\t\t\t\t\t\t\tForma parte de un equipo humano, profesional, abierto y social.\t\t\t\t\t\t\t\t<\/div>\n\t\t\t\t<\/div>\n\t\t\t\t<\/div>\n\t\t<div class=\"elementor-element elementor-element-05004cf e-con-full e-flex e-con e-child\" data-id=\"05004cf\" data-element_type=\"container\" data-e-type=\"container\" data-settings=\"{&quot;background_background&quot;:&quot;classic&quot;}\">\n\t\t\t\t<div class=\"elementor-element elementor-element-5600074 elementor-view-default elementor-widget elementor-widget-icon\" data-id=\"5600074\" data-element_type=\"widget\" data-e-type=\"widget\" data-widget_type=\"icon.default\">\n\t\t\t\t\t\t\t<div class=\"elementor-icon-wrapper\">\n\t\t\t<div class=\"elementor-icon\">\n\t\t\t<svg xmlns=\"http:\/\/www.w3.org\/2000\/svg\" width=\"76\" height=\"76\" viewBox=\"0 0 76 76\" fill=\"none\"><rect width=\"76\" height=\"76\" rx=\"38\" fill=\"#E3E7FA\"><\/rect><path d=\"M49.3337 25.9583H26.667V42.9583H49.3337V25.9583Z\" stroke=\"#162FB0\" stroke-width=\"3\" stroke-linejoin=\"round\"><\/path><path d=\"M23.833 25.9583H52.1663\" stroke=\"#162FB0\" stroke-width=\"3\" stroke-linecap=\"round\" stroke-linejoin=\"round\"><\/path><path d=\"M31.625 50.0416L38 42.9583L44.375 50.0416\" stroke=\"#162FB0\" stroke-width=\"3\" stroke-linecap=\"round\" stroke-linejoin=\"round\"><\/path><path d=\"M32.333 30.2083H43.6663\" stroke=\"#162FB0\" stroke-width=\"3\" stroke-linecap=\"round\" stroke-linejoin=\"round\"><\/path><path d=\"M32.333 34.4583H40.833\" stroke=\"#162FB0\" stroke-width=\"3\" stroke-linecap=\"round\" stroke-linejoin=\"round\"><\/path><path d=\"M32.333 38.7083H36.583\" stroke=\"#162FB0\" stroke-width=\"3\" stroke-linecap=\"round\" stroke-linejoin=\"round\"><\/path><\/svg>\t\t\t<\/div>\n\t\t<\/div>\n\t\t\t\t\t\t<\/div>\n\t\t\t\t<div class=\"elementor-element elementor-element-ddcfe31 elementor-widget elementor-widget-spacer\" data-id=\"ddcfe31\" data-element_type=\"widget\" data-e-type=\"widget\" data-widget_type=\"spacer.default\">\n\t\t\t\t\t\t\t<div class=\"elementor-spacer\">\n\t\t\t<div class=\"elementor-spacer-inner\"><\/div>\n\t\t<\/div>\n\t\t\t\t\t\t<\/div>\n\t\t<div class=\"elementor-element elementor-element-bd8d4e6 e-con-full e-flex e-con e-child\" data-id=\"bd8d4e6\" data-element_type=\"container\" data-e-type=\"container\">\n\t\t\t\t<div class=\"elementor-element elementor-element-b27b45a elementor-widget elementor-widget-heading\" data-id=\"b27b45a\" data-element_type=\"widget\" data-e-type=\"widget\" data-widget_type=\"heading.default\">\n\t\t\t\t\t<h3 class=\"elementor-heading-title elementor-size-default\">Formaci\u00f3n continua<\/h3>\t\t\t\t<\/div>\n\t\t\t\t<div class=\"elementor-element elementor-element-2946144 elementor-widget elementor-widget-text-editor\" data-id=\"2946144\" data-element_type=\"widget\" data-e-type=\"widget\" data-widget_type=\"text-editor.default\">\n\t\t\t\t\t\t\t\t\tCursos internos para mantenerte actualizado constantemente.\t\t\t\t\t\t\t\t<\/div>\n\t\t\t\t<\/div>\n\t\t\t\t<\/div>\n\t\t\t\t<\/div>\n\t\t\t\t<\/div>\n\t\t\t\t\t<\/div>\n\t\t\t\t<\/div>\n\t\t<div class=\"elementor-element elementor-element-4a428f2 e-flex e-con-boxed e-con e-parent\" data-id=\"4a428f2\" data-element_type=\"container\" data-e-type=\"container\">\n\t\t\t\t\t<div class=\"e-con-inner\">\n\t\t<div class=\"elementor-element elementor-element-6ca576b e-con-full elementor-hidden-mobile e-flex e-con e-child\" data-id=\"6ca576b\" data-element_type=\"container\" data-e-type=\"container\">\n\t\t\t\t<div class=\"elementor-element elementor-element-3fe986e elementor-widget elementor-widget-image\" data-id=\"3fe986e\" data-element_type=\"widget\" data-e-type=\"widget\" data-widget_type=\"image.default\">\n\t\t\t\t\t\t\t\t\t\t\t\t\t\t\t<img fetchpriority=\"high\" decoding=\"async\" width=\"800\" height=\"729\" src=\"https:\/\/secot.cat\/wp-content\/uploads\/2025\/10\/converteix-2.webp\" class=\"attachment-large size-large wp-image-2002\" alt=\"Hazte consultor\" srcset=\"https:\/\/secot.cat\/wp-content\/uploads\/2025\/10\/converteix-2.webp 812w, https:\/\/secot.cat\/wp-content\/uploads\/2025\/10\/converteix-2-300x273.webp 300w, https:\/\/secot.cat\/wp-content\/uploads\/2025\/10\/converteix-2-768x700.webp 768w\" sizes=\"(max-width: 800px) 100vw, 800px\" \/>\t\t\t\t\t\t\t\t\t\t\t\t\t\t\t<\/div>\n\t\t\t\t<\/div>\n\t\t<div class=\"elementor-element elementor-element-cc49ffd e-con-full e-flex e-con e-child\" data-id=\"cc49ffd\" data-element_type=\"container\" data-e-type=\"container\" data-settings=\"{&quot;background_background&quot;:&quot;classic&quot;}\">\n\t\t<div class=\"elementor-element elementor-element-9a7a2c6 e-con-full e-flex e-con e-child\" data-id=\"9a7a2c6\" data-element_type=\"container\" data-e-type=\"container\">\n\t\t\t\t<div class=\"elementor-element elementor-element-73a0b5b elementor-widget elementor-widget-heading\" data-id=\"73a0b5b\" data-element_type=\"widget\" data-e-type=\"widget\" data-widget_type=\"heading.default\">\n\t\t\t\t\t<h3 class=\"elementor-heading-title elementor-size-default\">\u00danete a SECOT<\/h3>\t\t\t\t<\/div>\n\t\t\t\t<div class=\"elementor-element elementor-element-c5a71bb elementor-widget elementor-widget-text-editor\" data-id=\"c5a71bb\" data-element_type=\"widget\" data-e-type=\"widget\" data-widget_type=\"text-editor.default\">\n\t\t\t\t\t\t\t\t\t\u2060Recibe la satisfacci\u00f3n de saber que tu tiempo y tus conocimientos est\u00e1n generando un impacto positivo.\t\t\t\t\t\t\t\t<\/div>\n\t\t\t\t<div class=\"elementor-element elementor-element-ad6db28 elementor-icon-list--layout-traditional elementor-list-item-link-full_width elementor-widget elementor-widget-icon-list\" data-id=\"ad6db28\" data-element_type=\"widget\" data-e-type=\"widget\" data-widget_type=\"icon-list.default\">\n\t\t\t\t\t\t\t<ul class=\"elementor-icon-list-items\">\n\t\t\t\t\t\t\t<li class=\"elementor-icon-list-item\">\n\t\t\t\t\t\t\t\t\t\t\t<span class=\"elementor-icon-list-icon\">\n\t\t\t\t\t\t\t<svg xmlns=\"http:\/\/www.w3.org\/2000\/svg\" width=\"16\" height=\"16\" viewBox=\"0 0 16 16\" fill=\"none\"><path d=\"M7.99956 1.33325L9.75066 2.6106L11.9181 2.60647L12.584 4.66915L14.3399 5.93982L13.6662 7.99992L14.3399 10.06L12.584 11.3307L11.9181 13.3934L9.75066 13.3893L7.99956 14.6666L6.24846 13.3893L4.08099 13.3934L3.41512 11.3307L1.65918 10.06L2.33289 7.99992L1.65918 5.93982L3.41512 4.66915L4.08099 2.60647L6.24846 2.6106L7.99956 1.33325Z\" stroke=\"#333333\" stroke-linecap=\"round\" stroke-linejoin=\"round\"><\/path><path d=\"M5.66699 7.99992L7.33366 9.66659L10.667 6.33325\" stroke=\"#333333\" stroke-linecap=\"round\" stroke-linejoin=\"round\"><\/path><\/svg>\t\t\t\t\t\t<\/span>\n\t\t\t\t\t\t\t\t\t\t<span class=\"elementor-icon-list-text\">Forma parte de un referente del voluntariado de asesoramiento empresarial en Catalu\u00f1a.<\/span>\n\t\t\t\t\t\t\t\t\t<\/li>\n\t\t\t\t\t\t\t\t<li class=\"elementor-icon-list-item\">\n\t\t\t\t\t\t\t\t\t\t\t<span class=\"elementor-icon-list-icon\">\n\t\t\t\t\t\t\t<svg xmlns=\"http:\/\/www.w3.org\/2000\/svg\" width=\"16\" height=\"16\" viewBox=\"0 0 16 16\" fill=\"none\"><g clip-path=\"url(#clip0_4001_390)\"><path d=\"M7.99967 14.6666C11.6816 14.6666 14.6663 11.6818 14.6663 7.99992C14.6663 4.31802 11.6816 1.33325 7.99967 1.33325C4.31777 1.33325 1.33301 4.31802 1.33301 7.99992C1.33301 11.6818 4.31777 14.6666 7.99967 14.6666Z\" stroke=\"#3C3C3C\" stroke-linejoin=\"round\"><\/path><path d=\"M8.00235 4L8.00195 8.00293L10.8284 10.8294\" stroke=\"#3C3C3C\" stroke-linecap=\"round\" stroke-linejoin=\"round\"><\/path><\/g><defs><clipPath id=\"clip0_4001_390\"><rect width=\"16\" height=\"16\" fill=\"white\"><\/rect><\/clipPath><\/defs><\/svg>\t\t\t\t\t\t<\/span>\n\t\t\t\t\t\t\t\t\t\t<span class=\"elementor-icon-list-text\">Elige tu disponibilidad.<\/span>\n\t\t\t\t\t\t\t\t\t<\/li>\n\t\t\t\t\t\t\t\t<li class=\"elementor-icon-list-item\">\n\t\t\t\t\t\t\t\t\t\t\t<span class=\"elementor-icon-list-icon\">\n\t\t\t\t\t\t\t<svg xmlns=\"http:\/\/www.w3.org\/2000\/svg\" width=\"16\" height=\"16\" viewBox=\"0 0 16 16\" fill=\"none\"><path d=\"M8 14.6666C8 14.6666 13 10.6666 13 6.33325C13 3.57182 10.7614 1.33325 8 1.33325C5.23857 1.33325 3 3.57182 3 6.33325C3 10.6666 8 14.6666 8 14.6666Z\" stroke=\"#333333\" stroke-linejoin=\"round\"><\/path><path d=\"M8 8.33325C9.10457 8.33325 10 7.43782 10 6.33325C10 5.22869 9.10457 4.33325 8 4.33325C6.89543 4.33325 6 5.22869 6 6.33325C6 7.43782 6.89543 8.33325 8 8.33325Z\" stroke=\"#333333\" stroke-linejoin=\"round\"><\/path><\/svg>\t\t\t\t\t\t<\/span>\n\t\t\t\t\t\t\t\t\t\t<span class=\"elementor-icon-list-text\">Modalidad en l\u00ednea y presencial.<\/span>\n\t\t\t\t\t\t\t\t\t<\/li>\n\t\t\t\t\t\t<\/ul>\n\t\t\t\t\t\t<\/div>\n\t\t\t\t<div class=\"elementor-element elementor-element-3272f77 elementor-widget elementor-widget-spacer\" data-id=\"3272f77\" data-element_type=\"widget\" data-e-type=\"widget\" data-widget_type=\"spacer.default\">\n\t\t\t\t\t\t\t<div class=\"elementor-spacer\">\n\t\t\t<div class=\"elementor-spacer-inner\"><\/div>\n\t\t<\/div>\n\t\t\t\t\t\t<\/div>\n\t\t\t\t<\/div>\n\t\t\t\t<div class=\"elementor-element elementor-element-23597bb elementor-align-justify elementor-widget elementor-widget-button\" data-id=\"23597bb\" data-element_type=\"widget\" data-e-type=\"widget\" data-widget_type=\"button.default\">\n\t\t\t\t\t\t\t\t\t\t<a class=\"elementor-button elementor-button-link elementor-size-sm\" href=\"https:\/\/secot.cat\/es\/asociate-a-secot-cat\/\">\n\t\t\t\t\t\t<span class=\"elementor-button-content-wrapper\">\n\t\t\t\t\t\t\t\t\t<span class=\"elementor-button-text\">Hazte consultor<\/span>\n\t\t\t\t\t<\/span>\n\t\t\t\t\t<\/a>\n\t\t\t\t\t\t\t\t<\/div>\n\t\t\t\t<\/div>\n\t\t<div class=\"elementor-element elementor-element-dba431d e-con-full elementor-hidden-mobile e-flex e-con e-child\" data-id=\"dba431d\" data-element_type=\"container\" data-e-type=\"container\">\n\t\t\t\t<div class=\"elementor-element elementor-element-58dc436 elementor-widget elementor-widget-image\" data-id=\"58dc436\" data-element_type=\"widget\" data-e-type=\"widget\" data-widget_type=\"image.default\">\n\t\t\t\t\t\t\t\t\t\t\t\t\t\t\t<img decoding=\"async\" width=\"800\" height=\"729\" src=\"https:\/\/secot.cat\/wp-content\/uploads\/2025\/10\/converteix-3.webp\" class=\"attachment-large size-large wp-image-2003\" alt=\"Hazte consultor\" srcset=\"https:\/\/secot.cat\/wp-content\/uploads\/2025\/10\/converteix-3.webp 812w, https:\/\/secot.cat\/wp-content\/uploads\/2025\/10\/converteix-3-300x273.webp 300w, https:\/\/secot.cat\/wp-content\/uploads\/2025\/10\/converteix-3-768x700.webp 768w\" sizes=\"(max-width: 800px) 100vw, 800px\" \/>\t\t\t\t\t\t\t\t\t\t\t\t\t\t\t<\/div>\n\t\t\t\t<\/div>\n\t\t\t\t\t<\/div>\n\t\t\t\t<\/div>\n\t\t<div class=\"elementor-element elementor-element-9d7d2a9 e-flex e-con-boxed e-con e-parent\" data-id=\"9d7d2a9\" data-element_type=\"container\" data-e-type=\"container\">\n\t\t\t\t\t<div class=\"e-con-inner\">\n\t\t\t\t<div class=\"elementor-element elementor-element-06bb8af elementor-widget elementor-widget-heading\" data-id=\"06bb8af\" data-element_type=\"widget\" data-e-type=\"widget\" data-widget_type=\"heading.default\">\n\t\t\t\t\t<p class=\"elementor-heading-title elementor-size-default\">Cuota anual de 50 \u20ac (fiscalmente deducible).<\/p>\t\t\t\t<\/div>\n\t\t\t\t\t<\/div>\n\t\t\t\t<\/div>\n\t\t\t\t<\/div>\n\t\t","protected":false},"excerpt":{"rendered":"<p>El legado de tu experiencia empresarial Dedica tu tiempo y tus conocimientos a asesorar y colaborar con peque\u00f1as y medianas empresas, aut\u00f3nomos y emprendedores. Hazte consultor M\u00e1s de 145 personas ya forman parte de SECOT \u00danete a un equipo din\u00e1mico que quiere seguir aprendiendo y contribuyendo a la sociedad. Genera un impacto positivo Colabora en [&hellip;]<\/p>\n","protected":false},"author":2,"featured_media":0,"parent":0,"menu_order":0,"comment_status":"closed","ping_status":"closed","template":"elementor_header_footer","meta":{"_acf_changed":false,"footnotes":""},"class_list":["post-2004","page","type-page","status-publish","hentry"],"acf":[],"_links":{"self":[{"href":"https:\/\/secot.cat\/es\/wp-json\/wp\/v2\/pages\/2004","targetHints":{"allow":["GET"]}}],"collection":[{"href":"https:\/\/secot.cat\/es\/wp-json\/wp\/v2\/pages"}],"about":[{"href":"https:\/\/secot.cat\/es\/wp-json\/wp\/v2\/types\/page"}],"author":[{"embeddable":true,"href":"https:\/\/secot.cat\/es\/wp-json\/wp\/v2\/users\/2"}],"replies":[{"embeddable":true,"href":"https:\/\/secot.cat\/es\/wp-json\/wp\/v2\/comments?post=2004"}],"version-history":[{"count":3,"href":"https:\/\/secot.cat\/es\/wp-json\/wp\/v2\/pages\/2004\/revisions"}],"predecessor-version":[{"id":2142,"href":"https:\/\/secot.cat\/es\/wp-json\/wp\/v2\/pages\/2004\/revisions\/2142"}],"wp:attachment":[{"href":"https:\/\/secot.cat\/es\/wp-json\/wp\/v2\/media?parent=2004"}],"curies":[{"name":"wp","href":"https:\/\/api.w.org\/{rel}","templated":true}]}}